{"id":2798,"date":"2018-11-25T18:24:29","date_gmt":"2018-11-25T17:24:29","guid":{"rendered":"http:\/\/wins.foundation\/en\/?page_id=2798"},"modified":"2019-03-13T12:57:24","modified_gmt":"2019-03-13T11:57:24","slug":"privacy-statement","status":"publish","type":"page","link":"https:\/\/www.wins.foundation\/fr\/privacy-statement\/","title":{"rendered":"Politique de confidentialit\u00e9"},"content":{"rendered":"<div class=\"penci-page-header\">\n<p>Dans notre politique de confidentialit\u00e9, nous expliquons quelles donn\u00e9es personnelles nous collectons, et \u00e0 quelles fins.<\/p>\n<p><strong>Confidentialit\u00e9<\/strong><\/p>\n<p>La fondation WINS respecte votre vie priv\u00e9e. Les donn\u00e9es personnelles collect\u00e9es sont s\u00e9curis\u00e9es et utilis\u00e9es par nos services uniquement. Nous respectons les diff\u00e9rents crit\u00e8res demand\u00e9s par la l\u00e9gislation en mati\u00e8re du traitement des donn\u00e9es personnelles. La fondation WINS collecte uniquement les donn\u00e9es personnelles qui lui sont donn\u00e9es. Cela peut \u00eatre les informations suivantes\u00a0:<\/p>\n<ul>\n<li>Nom<\/li>\n<li>Adresse email<\/li>\n<li>Site Internet<\/li>\n<li>Adresse, code postal<\/li>\n<li>Num\u00e9ro de t\u00e9l\u00e9phone<\/li>\n<\/ul>\n<p><strong>Utilisations<\/strong><\/p>\n<p>Ces informations sont requises dans les situations suivantes\u00a0:<\/p>\n<ul>\n<li>Poster une r\u00e9ponse sur le site Internet<\/li>\n<li>Souscrire \u00e0 la newsletter<\/li>\n<li>Vous contacter pour r\u00e9pondre \u00e0 votre requ\u00eate<\/li>\n<\/ul>\n<p>Vos informations personnelles ne seront ni rendues publiques, ni vendues \u00e0 de tierces personnes.<\/p>\n<p><strong>Dur\u00e9e de conservation<\/strong><br \/>\nNous ne conservons pas vos informations personnelles pour une dur\u00e9e sup\u00e9rieure au traitement des utilisations ci-dessus mentionn\u00e9es.<\/p>\n<p><strong>Cookies<\/strong><\/p>\n<p>Les cookies sont des petits fichiers textuels qu\u2019un site Internet place sur votre ordinateur, tablette ou t\u00e9l\u00e9phone portable, lorsque vous visitez ledit site Internet. Les informations sur votre visite de ce site sont stock\u00e9es dans ces cookies. Les cookies fonctionnels nous aident \u00e0 am\u00e9liorer les performances du site Internet, et par exemple, de se souvenir de vos pr\u00e9f\u00e9rences personnelles. Cela nous permet d\u2019offrir une meilleure exp\u00e9rience utilisateur lors de la visite de notre site.<\/p>\n<p><strong>Google Analytics<\/strong><br \/>\nEn plus des cookies fonctionnels, la fondations WINS utilise des cookies analytiques pour mesurer les visites sur le site. Ainsi, nous savons quelles sont les rubriques les plus populaires de notre site, et celles qui doivent \u00eatre am\u00e9lior\u00e9es. L\u2019outil Google Analytics est utilis\u00e9 dans ce but. Les donn\u00e9es mesur\u00e9es sont collect\u00e9es de mani\u00e8re anonyme (sans utiliser votre adresse IP) et ne peuvent par la suite pas permettre de tracer une personne. Google ne partagera les informations recueillies que si cela est requis dans le cadre l\u00e9gal, ou si Google fait appel \u00e0 des soci\u00e9t\u00e9s de sous-traitance.<\/p>\n<p><strong>Boutons r\u00e9seaux sociaux<\/strong><br \/>\nLes articles de ce site Internet peuvent facilement \u00eatre partag\u00e9s via les r\u00e9seaux sociaux, en utilisant les boutons r\u00e9seaux sociaux. Les canaux des r\u00e9seaux sociaux placent des cookies pour assurer le fonctionnement de ces boutons. Ils collectent ainsi les donn\u00e9es que vous partagez. Les informations concernant la collecte des donn\u00e9es personnelles des r\u00e9seaux sociaux peuvent \u00eatre trouv\u00e9es dans les politiques de confidentialit\u00e9 des soci\u00e9t\u00e9s suivantes\u00a0:<\/p>\n<ul>\n<li><u><a href=\"https:\/\/www.facebook.com\/about\/privacy\/\">Facebook<\/a><\/u><\/li>\n<li><u><a href=\"https:\/\/help.instagram.com\/155833707900388\">Instagram<\/a><\/u><\/li>\n<li><u><a href=\"https:\/\/www.google.com\/intl\/nl_ALL\/+\/policy\/index.html\">Google+<\/a><\/u><\/li>\n<li><u><a href=\"https:\/\/policy.pinterest.com\/en\/privacy-policy\">Pinterest<\/a><\/u><\/li>\n<li><u><a href=\"https:\/\/twitter.com\/en\/privacy\">Twitter<\/a><\/u><\/li>\n<li><u><a href=\"https:\/\/www.google.nl\/intl\/nl\/policies\/privacy\/\">YouTube<\/a><\/u><\/li>\n<\/ul>\n<p><strong>D\u00e9sactiver ou effacer les cookies<\/strong><br \/>\nVous pr\u00e9f\u00e9rez ne pas avoir de cookies\u00a0? Vous pouvez les d\u00e9sactiver ou les effacer depuis les param\u00e8tres de votre navigateur.<\/p>\n<p><strong>Modifications de notre politique de confidentialit\u00e9<\/strong><\/p>\n<p>Cette politique de confidentialit\u00e9 a \u00e9t\u00e9 modifi\u00e9e le 25 Novembre 2018. Chaque changement peut entrainer une nouvelle modification de cette rubrique. Cette politique de confidentialit\u00e9 ne s\u2019applique pas \u00e0 des tierces parties qui sont connect\u00e9es \u00e0 notre site Internet via l\u2019utilisation de liens.<\/p>\n<\/div>\n","protected":false},"excerpt":{"rendered":"<p>Dans notre politique de confidentialit\u00e9, nous expliquons quelles donn\u00e9es personnelles nous collectons, et \u00e0 quelles fins. Confidentialit\u00e9 La fondation WINS respecte votre vie priv\u00e9e. Les donn\u00e9es personnelles collect\u00e9es sont s\u00e9curis\u00e9es et utilis\u00e9es par nos services uniquement. Nous respectons les diff\u00e9rents&#8230; <a href=\"https:\/\/www.wins.foundation\/fr\/privacy-statement\/\" class=\"readmore\">Read more<span class=\"screen-reader-text\">Politique de confidentialit\u00e9<\/span><span class=\"fa fa-angle-double-right\" aria-hidden=\"true\"><\/span><\/a><\/p>\n","protected":false},"author":1,"featured_media":0,"parent":0,"menu_order":0,"comment_status":"closed","ping_status":"closed","template":"","meta":{"footnotes":""},"class_list":["post-2798","page","type-page","status-publish","hentry"],"aioseo_notices":[],"_links":{"self":[{"href":"https:\/\/www.wins.foundation\/fr\/wp-json\/wp\/v2\/pages\/2798","targetHints":{"allow":["GET"]}}],"collection":[{"href":"https:\/\/www.wins.foundation\/fr\/wp-json\/wp\/v2\/pages"}],"about":[{"href":"https:\/\/www.wins.foundation\/fr\/wp-json\/wp\/v2\/types\/page"}],"author":[{"embeddable":true,"href":"https:\/\/www.wins.foundation\/fr\/wp-json\/wp\/v2\/users\/1"}],"replies":[{"embeddable":true,"href":"https:\/\/www.wins.foundation\/fr\/wp-json\/wp\/v2\/comments?post=2798"}],"version-history":[{"count":4,"href":"https:\/\/www.wins.foundation\/fr\/wp-json\/wp\/v2\/pages\/2798\/revisions"}],"predecessor-version":[{"id":3121,"href":"https:\/\/www.wins.foundation\/fr\/wp-json\/wp\/v2\/pages\/2798\/revisions\/3121"}],"wp:attachment":[{"href":"https:\/\/www.wins.foundation\/fr\/wp-json\/wp\/v2\/media?parent=2798"}],"curies":[{"name":"wp","href":"https:\/\/api.w.org\/{rel}","templated":true}]}}